{"id":28,"date":"2018-03-24T22:36:53","date_gmt":"2018-03-24T22:36:53","guid":{"rendered":"http:\/\/www.karer.at\/?page_id=28"},"modified":"2018-03-24T23:08:07","modified_gmt":"2018-03-24T23:08:07","slug":"russische-bahnverfolgungsschiffe","status":"publish","type":"page","link":"https:\/\/www.karer.at\/?page_id=28","title":{"rendered":"Russische Bahnverfolgungsschiffe"},"content":{"rendered":"<h1>m\/s Cosmonaut Yuri Gagarin<\/h1>\n<p><a href=\"http:\/\/www.karer.at\/wp-content\/uploads\/2018\/03\/soviet-tracking-ship-yuri-gagarin.jpg\"><img decoding=\"async\" loading=\"lazy\" class=\"alignnone size-large wp-image-29\" src=\"http:\/\/www.karer.at\/wp-content\/uploads\/2018\/03\/soviet-tracking-ship-yuri-gagarin-1024x296.jpg\" alt=\"\" width=\"525\" height=\"152\" srcset=\"https:\/\/www.karer.at\/wp-content\/uploads\/2018\/03\/soviet-tracking-ship-yuri-gagarin-1024x296.jpg 1024w, https:\/\/www.karer.at\/wp-content\/uploads\/2018\/03\/soviet-tracking-ship-yuri-gagarin-300x87.jpg 300w, https:\/\/www.karer.at\/wp-content\/uploads\/2018\/03\/soviet-tracking-ship-yuri-gagarin-768x222.jpg 768w, https:\/\/www.karer.at\/wp-content\/uploads\/2018\/03\/soviet-tracking-ship-yuri-gagarin.jpg 1624w\" sizes=\"(max-width: 525px) 100vw, 525px\" \/><\/a><\/p>\n<h1>m\/s Acedemician Sergei Korolev<\/h1>\n<p><a href=\"http:\/\/www.karer.at\/wp-content\/uploads\/2018\/03\/ms-academican-sergei-korolev.jpg\"><img decoding=\"async\" loading=\"lazy\" class=\"alignnone size-full wp-image-39\" src=\"http:\/\/www.karer.at\/wp-content\/uploads\/2018\/03\/ms-academican-sergei-korolev.jpg\" alt=\"\" width=\"500\" height=\"345\" srcset=\"https:\/\/www.karer.at\/wp-content\/uploads\/2018\/03\/ms-academican-sergei-korolev.jpg 500w, https:\/\/www.karer.at\/wp-content\/uploads\/2018\/03\/ms-academican-sergei-korolev-300x207.jpg 300w\" sizes=\"(max-width: 500px) 100vw, 500px\" \/><\/a><\/p>\n<p>Aktueller Status :<br \/>\nLt. informationen aus russischen B\u00fcchern und Medien wurden die 3 grossen Bahnverfolgungsschiffe &#8222;Korolyov&#8220;, &#8222;Gagarin&#8220; und &#8222;Komarov&#8220; nach dem Zusammenbruch der Sowjetuntion zum Kilopreis verkauft.<\/p>\n<p>Andere Quellen berichteten mir dass die Korolyov und Gagarin von der Ukraine \u00fcbernommen wurden, dies w\u00e4re plausibel, da deren Heimathafen Odessa gewesen ist. M\u00f6glicherweise wurden die Schiffe auch von den Chinesen \u00fcbernommen. Ziemlich sicher sind sie also noch irgendwo unterwegs.<\/p>\n<p>Es gibt noch 4 kleinere Bahnverfolgungsschiffe, die &#8222;Selena&#8220;, &#8222;Dobrovolksiy&#8220;, &#8222;Volkov&#8220; und &#8222;Belyayef&#8220; welche von der Weltraumorganisation der Russischen F\u00f6rderation \u00fcbernommen wurden (Seit 2016 Roskosmos vormals RKA).<\/p>\n<p>Aus Russland wird berichtet, dass die &#8222;Volklov&#8220; und &#8222;Belyayef&#8220; zum grossteil ausgeschlachtet wruden. Somit w\u00e4ren in Russland nur mehr die Selena&#8220; und die &#8222;Dobrovolksiy&#8220; einsatzf\u00e4hig.<\/p>\n<p>&nbsp;<\/p>\n<p>Zu den Antennen:<br \/>\nAuff\u00e4llig sind die Konischen Helix-Antennen.<br \/>\n<a href=\"http:\/\/www.karer.at\/wp-content\/uploads\/2018\/03\/koheldet.jpg\"><img decoding=\"async\" loading=\"lazy\" class=\"alignnone size-large wp-image-43\" src=\"http:\/\/www.karer.at\/wp-content\/uploads\/2018\/03\/koheldet.jpg\" alt=\"\" width=\"296\" height=\"351\" srcset=\"https:\/\/www.karer.at\/wp-content\/uploads\/2018\/03\/koheldet.jpg 296w, https:\/\/www.karer.at\/wp-content\/uploads\/2018\/03\/koheldet-253x300.jpg 253w\" sizes=\"(max-width: 296px) 100vw, 296px\" \/><\/a><\/p>\n<figure id=\"attachment_42\" aria-describedby=\"caption-attachment-42\" style=\"width: 250px\" class=\"wp-caption alignnone\"><a href=\"http:\/\/www.karer.at\/wp-content\/uploads\/2018\/03\/helifeed.jpg\"><img decoding=\"async\" loading=\"lazy\" class=\"wp-image-42 size-full\" src=\"http:\/\/www.karer.at\/wp-content\/uploads\/2018\/03\/helifeed.jpg\" alt=\"\" width=\"250\" height=\"193\" \/><\/a><figcaption id=\"caption-attachment-42\" class=\"wp-caption-text\">Extrem Dicke Koaxkabel<\/figcaption><\/figure>\n<p>Die Helix Antennen scheinen sehr Breitbandig ausgelegt zu sein. Sie wurden das erste mal im Juli 1982 erw\u00e4hnt.<\/p>\n<p>Die folgenden Bilder zeigen den aktuellen Ausbaustand (ende der 90er):<br \/>\n<a href=\"http:\/\/www.karer.at\/wp-content\/uploads\/2018\/03\/shipant.jpg\"><img decoding=\"async\" loading=\"lazy\" class=\"alignnone size-full wp-image-44\" src=\"http:\/\/www.karer.at\/wp-content\/uploads\/2018\/03\/shipant.jpg\" alt=\"\" width=\"325\" height=\"480\" srcset=\"https:\/\/www.karer.at\/wp-content\/uploads\/2018\/03\/shipant.jpg 325w, https:\/\/www.karer.at\/wp-content\/uploads\/2018\/03\/shipant-203x300.jpg 203w\" sizes=\"(max-width: 325px) 100vw, 325px\" \/><\/a> <a href=\"http:\/\/www.karer.at\/wp-content\/uploads\/2018\/03\/shipfeed.jpg\"><img decoding=\"async\" loading=\"lazy\" class=\"alignnone size-large wp-image-45\" src=\"http:\/\/www.karer.at\/wp-content\/uploads\/2018\/03\/shipfeed.jpg\" alt=\"\" width=\"239\" height=\"258\" \/><\/a><\/p>\n<p>Quelle: Novosti Kosmonavtiki<br \/>\nQuelle: http:\/\/www.svengrahn.pp.se\/<\/p>\n","protected":false},"excerpt":{"rendered":"<p>m\/s Cosmonaut Yuri Gagarin m\/s Acedemician Sergei Korolev Aktueller Status : Lt. informationen aus russischen B\u00fcchern und Medien wurden die 3 grossen Bahnverfolgungsschiffe &#8222;Korolyov&#8220;, &#8222;Gagarin&#8220; und &#8222;Komarov&#8220; nach dem Zusammenbruch der Sowjetuntion zum Kilopreis verkauft. Andere Quellen berichteten mir dass die Korolyov und Gagarin von der Ukraine \u00fcbernommen wurden, dies w\u00e4re plausibel, da deren Heimathafen &hellip; <a href=\"https:\/\/www.karer.at\/?page_id=28\" class=\"more-link\"><span class=\"screen-reader-text\">Russische Bahnverfolgungsschiffe<\/span> weiterlesen<\/a><\/p>\n","protected":false},"author":1,"featured_media":0,"parent":0,"menu_order":0,"comment_status":"closed","ping_status":"closed","template":"","meta":[],"_links":{"self":[{"href":"https:\/\/www.karer.at\/index.php?rest_route=\/wp\/v2\/pages\/28"}],"collection":[{"href":"https:\/\/www.karer.at\/index.php?rest_route=\/wp\/v2\/pages"}],"about":[{"href":"https:\/\/www.karer.at\/index.php?rest_route=\/wp\/v2\/types\/page"}],"author":[{"embeddable":true,"href":"https:\/\/www.karer.at\/index.php?rest_route=\/wp\/v2\/users\/1"}],"replies":[{"embeddable":true,"href":"https:\/\/www.karer.at\/index.php?rest_route=%2Fwp%2Fv2%2Fcomments&post=28"}],"version-history":[{"count":7,"href":"https:\/\/www.karer.at\/index.php?rest_route=\/wp\/v2\/pages\/28\/revisions"}],"predecessor-version":[{"id":48,"href":"https:\/\/www.karer.at\/index.php?rest_route=\/wp\/v2\/pages\/28\/revisions\/48"}],"wp:attachment":[{"href":"https:\/\/www.karer.at\/index.php?rest_route=%2Fwp%2Fv2%2Fmedia&parent=28"}],"curies":[{"name":"wp","href":"https:\/\/api.w.org\/{rel}","templated":true}]}}